{"id":13,"date":"2024-03-11T10:13:18","date_gmt":"2024-03-11T10:13:18","guid":{"rendered":"https:\/\/atlanticmission.fo\/?page_id=13"},"modified":"2025-12-05T09:43:23","modified_gmt":"2025-12-05T09:43:23","slug":"hvat-trugva-vit","status":"publish","type":"page","link":"https:\/\/atlanticmission.fo\/index.php\/hvat-trugva-vit\/","title":{"rendered":"Hvat tr\u00fagva vit?"},"content":{"rendered":"\n<h1 class=\"wp-block-heading has-text-align-center\">Hvat tr\u00fagva vit?<\/h1>\n\n\n\n<div class=\"wp-block-group alignfull has-accent-background-color has-background has-global-padding is-layout-constrained wp-container-core-group-is-layout-669513ed wp-block-group-is-layout-constrained\" style=\"margin-top:0;margin-bottom:0;padding-top:var(--wp--preset--spacing--50);padding-right:var(--wp--preset--spacing--50);padding-bottom:var(--wp--preset--spacing--50);padding-left:var(--wp--preset--spacing--50)\">\n<div class=\"wp-block-columns alignwide is-layout-flex wp-container-core-columns-is-layout-1da03c2a wp-block-columns-is-layout-flex\">\n<div class=\"wp-block-column is-vertically-aligned-stretch is-layout-flow wp-block-column-is-layout-flow\" style=\"flex-basis:50%\">\n<div class=\"wp-block-group is-vertical is-content-justification-stretch is-layout-flex wp-container-core-group-is-layout-444d5ee8 wp-block-group-is-layout-flex\" style=\"min-height:100%\">\n<ul class=\"wp-block-list\">\n<li>Vit tr\u00fagva \u00e1 Gud sum skapara alheimsins<\/li>\n\n\n\n<li>Vit tr\u00fagva \u00e1 Jesus Kristus sum frelsara hj\u00e1 einum og hv\u00f8rjum, sum tr\u00fdr \u00e1 hann<\/li>\n\n\n\n<li>Vit tr\u00fagva, at Heilagi Andin b\u00fdr \u00ed \u00f8llum, sum tr\u00fagva \u00e1 Jesus sum frelsara<\/li>\n\n\n\n<li>Vit tr\u00fagva, at \u00f8ll B\u00edblian er or\u00f0 Gud og innbl\u00e1st av Honum&nbsp;<\/li>\n<\/ul>\n\n\n\n<div class=\"wp-block-group has-global-padding is-content-justification-left is-layout-constrained wp-container-core-group-is-layout-9fe8ed88 wp-block-group-is-layout-constrained\">\n<div class=\"wp-block-buttons is-layout-flex wp-block-buttons-is-layout-flex\"><\/div>\n<\/div>\n<\/div>\n<\/div>\n\n\n\n<div class=\"wp-block-column is-vertically-aligned-center is-layout-flow wp-block-column-is-layout-flow\" style=\"flex-basis:50%\">\n<figure class=\"wp-block-image aligncenter size-full is-resized is-style-rounded is-style-rounded--1\"><img loading=\"lazy\" decoding=\"async\" width=\"573\" height=\"767\" src=\"https:\/\/atlanticmission.fo\/wp-content\/uploads\/2025\/12\/Atl-1.jpg\" alt=\"\" class=\"wp-image-504\" style=\"aspect-ratio:0.75;object-fit:cover;width:394px;height:auto\" srcset=\"https:\/\/atlanticmission.fo\/wp-content\/uploads\/2025\/12\/Atl-1.jpg 573w, https:\/\/atlanticmission.fo\/wp-content\/uploads\/2025\/12\/Atl-1-224x300.jpg 224w\" sizes=\"auto, (max-width: 573px) 100vw, 573px\" \/><\/figure>\n<\/div>\n<\/div>\n<\/div>\n\n\n\n<div class=\"wp-block-group alignfull has-background-color has-white-color has-black-background-color has-text-color has-background has-link-color wp-elements-9e77339729f810b93dffd711d8504363 is-vertical is-content-justification-stretch is-layout-flex wp-container-core-group-is-layout-48a3dbfb wp-block-group-is-layout-flex\" style=\"min-height:40vh;margin-top:0;margin-bottom:0;padding-top:var(--wp--preset--spacing--60);padding-right:var(--wp--preset--spacing--40);padding-bottom:var(--wp--preset--spacing--60);padding-left:var(--wp--preset--spacing--40)\">\n<div class=\"wp-block-columns alignwide has-small-font-size is-layout-flex wp-container-core-columns-is-layout-28f84493 wp-block-columns-is-layout-flex\">\n<div class=\"wp-block-column is-layout-flow wp-block-column-is-layout-flow\">\n<p class=\"has-text-align-center\"><strong>Atlantic Mission<\/strong><\/p>\n\n\n\n<p class=\"has-text-align-center\">Vit bera gle\u00f0ibo\u00f0skapin um Jesus Kristus til b\u00f8rn, ung og vaksin \u00ed F\u00f8royum, \u00ed grannalondum okkara og a\u00f0rasta\u00f0ni, sum Harrin lei\u00f0ir.Vit l\u00edvga og stimbra einstaklingar og samkomur \u00ed tr\u00fanni \u00e1 Frelsara okkara, Jesus Kristus.<\/p>\n\n\n\n<div style=\"height:24px\" aria-hidden=\"true\" class=\"wp-block-spacer\"><\/div>\n<\/div>\n\n\n\n<div class=\"wp-block-column is-layout-flow wp-block-column-is-layout-flow\">\n<p class=\"has-text-align-center\"><strong>Stu\u00f0ul til Atlantic Misson<\/strong><\/p>\n\n\n\n<p class=\"has-text-align-center\"><em>Gev g\u00e6tur: Hetta er konto hj\u00e1<\/em><\/p>\n\n\n\n<p class=\"has-text-align-center\"><em>Atlantic Mission, h\u00f3ast<\/em><\/p>\n\n\n\n<p class=\"has-text-align-center\"><em>hon eitur Ebenezer.<\/em><\/p>\n\n\n\n<p class=\"has-text-align-center\"><strong>9181-5146315<\/strong><\/p>\n\n\n\n<p class=\"has-text-align-center\"><\/p>\n\n\n\n<p><\/p>\n\n\n<nav class=\"has-small-font-size items-justified-center is-vertical no-wrap wp-block-navigation is-content-justification-center is-nowrap is-layout-flex wp-container-core-navigation-is-layout-34a3ecb2 wp-block-navigation-is-layout-flex\" aria-label=\"Menu 3\"><\/nav>\n\n\n<div style=\"height:24px\" aria-hidden=\"true\" class=\"wp-block-spacer\"><\/div>\n<\/div>\n\n\n\n<div class=\"wp-block-column is-layout-flow wp-block-column-is-layout-flow\">\n<p class=\"has-text-align-center\"><\/p>\n\n\n\n<div class=\"wp-block-group is-vertical is-content-justification-center is-layout-flex wp-container-core-group-is-layout-0e868306 wp-block-group-is-layout-flex\">\n<p><a href=\"https:\/\/www.facebook.com\/AtlanticMissionFO\">Facebook<\/a><\/p>\n\n\n\n<p><a href=\"https:\/\/www.instagram.com\/atlantic_mission?utm_source=ig_web_button_share_sheet&amp;igsh=ZDNlZDc0MzIxNw%3D%3D\" data-type=\"link\" data-id=\"https:\/\/www.instagram.com\/atlantic_mission?utm_source=ig_web_button_share_sheet&amp;igsh=ZDNlZDc0MzIxNw%3D%3D\">Instagram<\/a><\/p>\n\n\n\n<p><\/p>\n<\/div>\n\n\n\n<div style=\"height:24px\" aria-hidden=\"true\" class=\"wp-block-spacer\"><\/div>\n<\/div>\n<\/div>\n\n\n\n<div class=\"wp-block-group alignwide is-content-justification-center is-layout-flex wp-container-core-group-is-layout-c124d1c4 wp-block-group-is-layout-flex\">\n<p class=\"has-text-align-center has-small-font-size\"> Proudly powered by <a rel=\"nofollow\" href=\"https:\/\/wordpress.org\">WordPress<\/a> <\/p>\n<\/div>\n<\/div>\n","protected":false},"excerpt":{"rendered":"<p>Hvat tr\u00fagva vit?<\/p>\n","protected":false},"author":2,"featured_media":0,"parent":0,"menu_order":0,"comment_status":"closed","ping_status":"closed","template":"","meta":{"footnotes":""},"class_list":["post-13","page","type-page","status-publish","hentry"],"_links":{"self":[{"href":"https:\/\/atlanticmission.fo\/index.php\/wp-json\/wp\/v2\/pages\/13","targetHints":{"allow":["GET"]}}],"collection":[{"href":"https:\/\/atlanticmission.fo\/index.php\/wp-json\/wp\/v2\/pages"}],"about":[{"href":"https:\/\/atlanticmission.fo\/index.php\/wp-json\/wp\/v2\/types\/page"}],"author":[{"embeddable":true,"href":"https:\/\/atlanticmission.fo\/index.php\/wp-json\/wp\/v2\/users\/2"}],"replies":[{"embeddable":true,"href":"https:\/\/atlanticmission.fo\/index.php\/wp-json\/wp\/v2\/comments?post=13"}],"version-history":[{"count":10,"href":"https:\/\/atlanticmission.fo\/index.php\/wp-json\/wp\/v2\/pages\/13\/revisions"}],"predecessor-version":[{"id":505,"href":"https:\/\/atlanticmission.fo\/index.php\/wp-json\/wp\/v2\/pages\/13\/revisions\/505"}],"wp:attachment":[{"href":"https:\/\/atlanticmission.fo\/index.php\/wp-json\/wp\/v2\/media?parent=13"}],"curies":[{"name":"wp","href":"https:\/\/api.w.org\/{rel}","templated":true}]}}