{"id":15,"date":"2024-03-11T10:14:29","date_gmt":"2024-03-11T10:14:29","guid":{"rendered":"https:\/\/atlanticmission.fo\/?page_id=15"},"modified":"2025-10-31T17:24:45","modified_gmt":"2025-10-31T17:24:45","slug":"hvat-er-atlantic-mission","status":"publish","type":"page","link":"https:\/\/atlanticmission.fo\/index.php\/hvat-er-atlantic-mission\/","title":{"rendered":"Hvat er Atlantic Mission?"},"content":{"rendered":"\n<h1 class=\"wp-block-heading has-text-align-center\">Hvat er Atlantic Mission?<\/h1>\n\n\n\n<div class=\"wp-block-group alignfull has-accent-background-color has-background has-global-padding is-layout-constrained wp-container-core-group-is-layout-669513ed wp-block-group-is-layout-constrained\" style=\"margin-top:0;margin-bottom:0;padding-top:var(--wp--preset--spacing--50);padding-right:var(--wp--preset--spacing--50);padding-bottom:var(--wp--preset--spacing--50);padding-left:var(--wp--preset--spacing--50)\">\n<div class=\"wp-block-columns alignwide is-layout-flex wp-container-core-columns-is-layout-1da03c2a wp-block-columns-is-layout-flex\">\n<div class=\"wp-block-column is-vertically-aligned-stretch is-layout-flow wp-block-column-is-layout-flow\" style=\"flex-basis:50%\">\n<div class=\"wp-block-group is-vertical is-content-justification-stretch is-layout-flex wp-container-core-group-is-layout-444d5ee8 wp-block-group-is-layout-flex\" style=\"min-height:100%\">\n<p class=\"has-text-align-left\">Atlantic Mission&nbsp;er kristiligur felagsskapur, i\u00f0 var\u00f0 stovna\u00f0ur og byrja\u00f0i verk s\u00edtt \u00ed 2011. \u00cd hesi t\u00e6nastu hava hesar fer\u00f0ir veri\u00f0 gj\u00f8rdar:&nbsp;&nbsp;&nbsp;&nbsp;&nbsp;&nbsp;&nbsp;&nbsp;&nbsp;&nbsp;&nbsp;&nbsp;&nbsp;&nbsp;&nbsp;&nbsp;&nbsp;&nbsp;&nbsp;&nbsp;&nbsp;&nbsp;<\/p>\n\n\n\n<p>2011 Hetland<\/p>\n\n\n\n<p>2012&nbsp;Orknoyggjar<\/p>\n\n\n\n<p>2013 Hebridurnar<\/p>\n\n\n\n<p>2014 F\u00f8royar&nbsp;&nbsp;<\/p>\n\n\n\n<p>2015 \u00cdsland (Eysturlandi\u00f0)<\/p>\n\n\n\n<p>2016 Hebridurnar,&nbsp;Orknoyggjar og Hetland<\/p>\n\n\n\n<p>2017 Noregi (B\u00f8mlo)&nbsp;&nbsp;<\/p>\n\n\n\n<p>2018&nbsp;Orknoyggjar<\/p>\n\n\n\n<p>2019 Skotland og oyggin, Mull<\/p>\n\n\n\n<p>2020 F\u00f8royar&nbsp;&nbsp;<\/p>\n\n\n\n<p>2022 F\u00f8royar&nbsp;<\/p>\n\n\n\n<p>2023 Hetland<\/p>\n\n\n\n<p>2024 Danmark (Randers) og Norra (B\u00f8mlo)<\/p>\n\n\n\n<p>2025 Danmark (Hirtshals)<\/p>\n\n\n\n<div class=\"wp-block-group has-global-padding is-content-justification-left is-layout-constrained wp-container-core-group-is-layout-9fe8ed88 wp-block-group-is-layout-constrained\">\n<div class=\"wp-block-buttons is-layout-flex wp-block-buttons-is-layout-flex\"><\/div>\n<\/div>\n<\/div>\n<\/div>\n\n\n\n<div class=\"wp-block-column is-vertically-aligned-center is-layout-flow wp-block-column-is-layout-flow\" style=\"flex-basis:50%\">\n<figure class=\"wp-block-image size-full is-style-rounded is-style-rounded--1\"><img loading=\"lazy\" decoding=\"async\" width=\"727\" height=\"1026\" src=\"https:\/\/atlanticmission.fo\/wp-content\/uploads\/2024\/03\/419855219_380095044715893_3520595024922082814_n.jpg\" alt=\"\" class=\"wp-image-25\" style=\"aspect-ratio:3\/4;object-fit:cover\" srcset=\"https:\/\/atlanticmission.fo\/wp-content\/uploads\/2024\/03\/419855219_380095044715893_3520595024922082814_n.jpg 727w, https:\/\/atlanticmission.fo\/wp-content\/uploads\/2024\/03\/419855219_380095044715893_3520595024922082814_n-213x300.jpg 213w, https:\/\/atlanticmission.fo\/wp-content\/uploads\/2024\/03\/419855219_380095044715893_3520595024922082814_n-726x1024.jpg 726w\" sizes=\"auto, (max-width: 727px) 100vw, 727px\" \/><\/figure>\n<\/div>\n<\/div>\n<\/div>\n\n\n\n<div class=\"wp-block-group alignfull has-background-color has-white-color has-black-background-color has-text-color has-background has-link-color wp-elements-9e77339729f810b93dffd711d8504363 is-vertical is-content-justification-stretch is-layout-flex wp-container-core-group-is-layout-48a3dbfb wp-block-group-is-layout-flex\" style=\"min-height:40vh;margin-top:0;margin-bottom:0;padding-top:var(--wp--preset--spacing--60);padding-right:var(--wp--preset--spacing--40);padding-bottom:var(--wp--preset--spacing--60);padding-left:var(--wp--preset--spacing--40)\">\n<div class=\"wp-block-columns alignwide has-small-font-size is-layout-flex wp-container-core-columns-is-layout-28f84493 wp-block-columns-is-layout-flex\">\n<div class=\"wp-block-column is-layout-flow wp-block-column-is-layout-flow\">\n<p class=\"has-text-align-center\"><strong>Atlantic Mission<\/strong><\/p>\n\n\n\n<p class=\"has-text-align-center\">Vit bera gle\u00f0ibo\u00f0skapin um Jesus Kristus til b\u00f8rn, ung og vaksin \u00ed F\u00f8royum, \u00ed grannalondum okkara og a\u00f0rasta\u00f0ni, sum Harrin lei\u00f0ir.Vit l\u00edvga og stimbra einstaklingar og samkomur \u00ed tr\u00fanni \u00e1 Frelsara okkara, Jesus Kristus.<\/p>\n\n\n\n<div style=\"height:24px\" aria-hidden=\"true\" class=\"wp-block-spacer\"><\/div>\n<\/div>\n\n\n\n<div class=\"wp-block-column is-layout-flow wp-block-column-is-layout-flow\">\n<p class=\"has-text-align-center\"><strong>Stu\u00f0ul til Atlantic Misson<\/strong><\/p>\n\n\n\n<p class=\"has-text-align-center\"><em>Gev g\u00e6tur: Hetta er konto hj\u00e1<\/em><\/p>\n\n\n\n<p class=\"has-text-align-center\"><em>Atlantic Mission, h\u00f3ast<\/em><\/p>\n\n\n\n<p class=\"has-text-align-center\"><em>hon eitur Ebenezer.<\/em><\/p>\n\n\n\n<p class=\"has-text-align-center\"><strong>9181-5146315<\/strong><\/p>\n\n\n\n<p class=\"has-text-align-center\"><\/p>\n\n\n\n<p><\/p>\n\n\n<nav class=\"has-small-font-size items-justified-center is-vertical no-wrap wp-block-navigation is-content-justification-center is-nowrap is-layout-flex wp-container-core-navigation-is-layout-34a3ecb2 wp-block-navigation-is-layout-flex\" aria-label=\"Menu 3\"><\/nav>\n\n\n<div style=\"height:24px\" aria-hidden=\"true\" class=\"wp-block-spacer\"><\/div>\n<\/div>\n\n\n\n<div class=\"wp-block-column is-layout-flow wp-block-column-is-layout-flow\">\n<p class=\"has-text-align-center\"><\/p>\n\n\n\n<div class=\"wp-block-group is-vertical is-content-justification-center is-layout-flex wp-container-core-group-is-layout-0e868306 wp-block-group-is-layout-flex\">\n<p><a href=\"https:\/\/www.facebook.com\/AtlanticMissionFO\">Facebook<\/a><\/p>\n\n\n\n<p><a href=\"https:\/\/www.instagram.com\/atlantic_mission?utm_source=ig_web_button_share_sheet&amp;igsh=ZDNlZDc0MzIxNw%3D%3D\" data-type=\"link\" data-id=\"https:\/\/www.instagram.com\/atlantic_mission?utm_source=ig_web_button_share_sheet&amp;igsh=ZDNlZDc0MzIxNw%3D%3D\">Instagram<\/a><\/p>\n\n\n\n<p><\/p>\n<\/div>\n\n\n\n<div style=\"height:24px\" aria-hidden=\"true\" class=\"wp-block-spacer\"><\/div>\n<\/div>\n<\/div>\n\n\n\n<div class=\"wp-block-group alignwide is-content-justification-center is-layout-flex wp-container-core-group-is-layout-c124d1c4 wp-block-group-is-layout-flex\">\n<p class=\"has-text-align-center has-small-font-size\"> Proudly powered by <a rel=\"nofollow\" href=\"https:\/\/wordpress.org\">WordPress<\/a> <\/p>\n<\/div>\n<\/div>\n\n\n\n<p><\/p>\n","protected":false},"excerpt":{"rendered":"<p>Hvat er Atlantic Mission? Atlantic Mission&nbsp;er kristiligur felagsskapur, i\u00f0 var\u00f0 stovna\u00f0ur og byrja\u00f0i verk s\u00edtt \u00ed 2011. \u00cd hesi t\u00e6nastu hava hesar fer\u00f0ir veri\u00f0 gj\u00f8rdar:&nbsp;&nbsp;&nbsp;&nbsp;&nbsp;&nbsp;&nbsp;&nbsp;&nbsp;&nbsp;&nbsp;&nbsp;&nbsp;&nbsp;&nbsp;&nbsp;&nbsp;&nbsp;&nbsp;&nbsp;&nbsp;&nbsp; 2011 Hetland 2012&nbsp;Orknoyggjar 2013 Hebridurnar 2014 F\u00f8royar&nbsp;&nbsp; 2015 \u00cdsland (Eysturlandi\u00f0) 2016 Hebridurnar,&nbsp;Orknoyggjar og Hetland 2017 Noregi (B\u00f8mlo)&nbsp;&nbsp; 2018&nbsp;Orknoyggjar 2019 Skotland og oyggin, Mull 2020 F\u00f8royar&nbsp;&nbsp; 2022 F\u00f8royar&nbsp; 2023 Hetland 2024 [&hellip;]<\/p>\n","protected":false},"author":2,"featured_media":0,"parent":0,"menu_order":0,"comment_status":"closed","ping_status":"closed","template":"","meta":{"footnotes":""},"class_list":["post-15","page","type-page","status-publish","hentry"],"_links":{"self":[{"href":"https:\/\/atlanticmission.fo\/index.php\/wp-json\/wp\/v2\/pages\/15","targetHints":{"allow":["GET"]}}],"collection":[{"href":"https:\/\/atlanticmission.fo\/index.php\/wp-json\/wp\/v2\/pages"}],"about":[{"href":"https:\/\/atlanticmission.fo\/index.php\/wp-json\/wp\/v2\/types\/page"}],"author":[{"embeddable":true,"href":"https:\/\/atlanticmission.fo\/index.php\/wp-json\/wp\/v2\/users\/2"}],"replies":[{"embeddable":true,"href":"https:\/\/atlanticmission.fo\/index.php\/wp-json\/wp\/v2\/comments?post=15"}],"version-history":[{"count":12,"href":"https:\/\/atlanticmission.fo\/index.php\/wp-json\/wp\/v2\/pages\/15\/revisions"}],"predecessor-version":[{"id":458,"href":"https:\/\/atlanticmission.fo\/index.php\/wp-json\/wp\/v2\/pages\/15\/revisions\/458"}],"wp:attachment":[{"href":"https:\/\/atlanticmission.fo\/index.php\/wp-json\/wp\/v2\/media?parent=15"}],"curies":[{"name":"wp","href":"https:\/\/api.w.org\/{rel}","templated":true}]}}