{"id":17,"date":"2024-03-11T10:15:36","date_gmt":"2024-03-11T10:15:36","guid":{"rendered":"https:\/\/atlanticmission.fo\/?page_id=17"},"modified":"2025-12-18T20:09:52","modified_gmt":"2025-12-18T20:09:52","slug":"samband","status":"publish","type":"page","link":"https:\/\/atlanticmission.fo\/index.php\/samband\/","title":{"rendered":"Samband"},"content":{"rendered":"\n<figure class=\"wp-block-image size-large\"><img loading=\"lazy\" decoding=\"async\" width=\"1024\" height=\"767\" src=\"https:\/\/atlanticmission.fo\/wp-content\/uploads\/2025\/12\/Ruth-og-Olavur-1024x767.jpg\" alt=\"\" class=\"wp-image-508\" srcset=\"https:\/\/atlanticmission.fo\/wp-content\/uploads\/2025\/12\/Ruth-og-Olavur-1024x767.jpg 1024w, https:\/\/atlanticmission.fo\/wp-content\/uploads\/2025\/12\/Ruth-og-Olavur-300x225.jpg 300w, https:\/\/atlanticmission.fo\/wp-content\/uploads\/2025\/12\/Ruth-og-Olavur-768x576.jpg 768w, https:\/\/atlanticmission.fo\/wp-content\/uploads\/2025\/12\/Ruth-og-Olavur-1536x1151.jpg 1536w, https:\/\/atlanticmission.fo\/wp-content\/uploads\/2025\/12\/Ruth-og-Olavur.jpg 1920w\" sizes=\"auto, (max-width: 1024px) 100vw, 1024px\" \/><\/figure>\n\n\n\n<div class=\"wp-block-columns is-layout-flex wp-container-core-columns-is-layout-28f84493 wp-block-columns-is-layout-flex\">\n<div class=\"wp-block-column is-layout-flow wp-block-column-is-layout-flow\" style=\"flex-basis:100%\">\n<p><\/p>\n\n\n\n<h3 class=\"wp-block-heading\">T\u00fa ert hjartaliga v\u00e6lkomin at seta teg \u00ed samband vi\u00f0 okkum<\/h3>\n<\/div>\n<\/div>\n\n\n\n<pre class=\"wp-block-verse has-text-align-left\">Vanliga er skrivstovut\u00ed\u00f0in:<br>M\u00e1nadag og h\u00f3sdag fr\u00e1 kl 10 - 16, annars eftir avtalu.<br><br>Skrivstovan hj\u00e1 Atlantic Mission<br>J. H. Schr\u00f8tersg\u00f8ta 11<br>FO-100 T\u00f3rshavn<br><br>Ruth Gaardlykke<br>atlanticmission@mail.fo<br>+298 519090<br><br>\u00d3lavur Thomsen<br>olavurthomsen@gmail.com<br>+298 740303<\/pre>\n\n\n\n<p>.<\/p>\n\n\n\n<h2 class=\"wp-block-heading\"><\/h2>\n\n\n\n<p><\/p>\n\n\n\n<p><\/p>\n\n\n\n<p><\/p>\n\n\n\n<p><\/p>\n\n\n\n<p><\/p>\n\n\n\n<p><\/p>\n\n\n\n<p><\/p>\n\n\n\n<div class=\"wp-block-group alignfull has-background-color has-white-color has-black-background-color has-text-color has-background has-link-color wp-elements-9e77339729f810b93dffd711d8504363 is-vertical is-content-justification-stretch is-layout-flex wp-container-core-group-is-layout-48a3dbfb wp-block-group-is-layout-flex\" style=\"min-height:40vh;margin-top:0;margin-bottom:0;padding-top:var(--wp--preset--spacing--60);padding-right:var(--wp--preset--spacing--40);padding-bottom:var(--wp--preset--spacing--60);padding-left:var(--wp--preset--spacing--40)\">\n<div class=\"wp-block-columns alignwide has-small-font-size is-layout-flex wp-container-core-columns-is-layout-28f84493 wp-block-columns-is-layout-flex\">\n<div class=\"wp-block-column is-layout-flow wp-block-column-is-layout-flow\">\n<p class=\"has-text-align-center\"><strong>Atlantic Mission<\/strong><\/p>\n\n\n\n<p class=\"has-text-align-center\">Vit bera gle\u00f0ibo\u00f0skapin um Jesus Kristus til b\u00f8rn, ung og vaksin \u00ed F\u00f8royum, \u00ed grannalondum okkara og a\u00f0rasta\u00f0ni, sum Harrin lei\u00f0ir.Vit l\u00edvga og stimbra einstaklingar og samkomur \u00ed tr\u00fanni \u00e1 Frelsara okkara, Jesus Kristus.<\/p>\n\n\n\n<div style=\"height:24px\" aria-hidden=\"true\" class=\"wp-block-spacer\"><\/div>\n<\/div>\n\n\n\n<div class=\"wp-block-column is-layout-flow wp-block-column-is-layout-flow\">\n<p class=\"has-text-align-center\"><strong>Stu\u00f0ul til Atlantic Misson<\/strong><\/p>\n\n\n\n<p class=\"has-text-align-center\"><em>Gev g\u00e6tur: Hetta er konto hj\u00e1<\/em><\/p>\n\n\n\n<p class=\"has-text-align-center\"><em>Atlantic Mission, h\u00f3ast<\/em><\/p>\n\n\n\n<p class=\"has-text-align-center\"><em>hon eitur Ebenezer.<\/em><\/p>\n\n\n\n<p class=\"has-text-align-center\"><strong>9181-5146315<\/strong><\/p>\n\n\n\n<p class=\"has-text-align-center\"><\/p>\n\n\n\n<p><\/p>\n\n\n<nav class=\"has-small-font-size items-justified-center is-vertical no-wrap wp-block-navigation is-content-justification-center is-nowrap is-layout-flex wp-container-core-navigation-is-layout-34a3ecb2 wp-block-navigation-is-layout-flex\" aria-label=\"Menu 3\"><\/nav>\n\n\n<div style=\"height:24px\" aria-hidden=\"true\" class=\"wp-block-spacer\"><\/div>\n<\/div>\n\n\n\n<div class=\"wp-block-column is-layout-flow wp-block-column-is-layout-flow\">\n<p class=\"has-text-align-center\"><\/p>\n\n\n\n<div class=\"wp-block-group is-vertical is-content-justification-center is-layout-flex wp-container-core-group-is-layout-0e868306 wp-block-group-is-layout-flex\">\n<p><a href=\"https:\/\/www.facebook.com\/AtlanticMissionFO\">Facebook<\/a><\/p>\n\n\n\n<p><a href=\"https:\/\/www.instagram.com\/atlantic_mission?utm_source=ig_web_button_share_sheet&amp;igsh=ZDNlZDc0MzIxNw%3D%3D\" data-type=\"link\" data-id=\"https:\/\/www.instagram.com\/atlantic_mission?utm_source=ig_web_button_share_sheet&amp;igsh=ZDNlZDc0MzIxNw%3D%3D\">Instagram<\/a><\/p>\n\n\n\n<p><\/p>\n<\/div>\n\n\n\n<div style=\"height:24px\" aria-hidden=\"true\" class=\"wp-block-spacer\"><\/div>\n<\/div>\n<\/div>\n\n\n\n<div class=\"wp-block-group alignwide is-content-justification-center is-layout-flex wp-container-core-group-is-layout-c124d1c4 wp-block-group-is-layout-flex\">\n<p class=\"has-text-align-center has-small-font-size\"> Proudly powered by <a rel=\"nofollow\" href=\"https:\/\/wordpress.org\">WordPress<\/a> <\/p>\n<\/div>\n<\/div>\n","protected":false},"excerpt":{"rendered":"<p>T\u00fa ert hjartaliga v\u00e6lkomin at seta teg \u00ed samband vi\u00f0 okkum Vanliga er skrivstovut\u00ed\u00f0in:M\u00e1nadag og h\u00f3sdag fr\u00e1 kl 10 &#8211; 16, annars eftir avtalu.Skrivstovan hj\u00e1 Atlantic MissionJ. H. Schr\u00f8tersg\u00f8ta 11FO-100 T\u00f3rshavnRuth Gaardlykkeatlanticmission@mail.fo+298 519090\u00d3lavur Thomsenolavurthomsen@gmail.com+298 740303 .<\/p>\n","protected":false},"author":2,"featured_media":0,"parent":0,"menu_order":0,"comment_status":"closed","ping_status":"closed","template":"","meta":{"footnotes":""},"class_list":["post-17","page","type-page","status-publish","hentry"],"_links":{"self":[{"href":"https:\/\/atlanticmission.fo\/index.php\/wp-json\/wp\/v2\/pages\/17","targetHints":{"allow":["GET"]}}],"collection":[{"href":"https:\/\/atlanticmission.fo\/index.php\/wp-json\/wp\/v2\/pages"}],"about":[{"href":"https:\/\/atlanticmission.fo\/index.php\/wp-json\/wp\/v2\/types\/page"}],"author":[{"embeddable":true,"href":"https:\/\/atlanticmission.fo\/index.php\/wp-json\/wp\/v2\/users\/2"}],"replies":[{"embeddable":true,"href":"https:\/\/atlanticmission.fo\/index.php\/wp-json\/wp\/v2\/comments?post=17"}],"version-history":[{"count":42,"href":"https:\/\/atlanticmission.fo\/index.php\/wp-json\/wp\/v2\/pages\/17\/revisions"}],"predecessor-version":[{"id":517,"href":"https:\/\/atlanticmission.fo\/index.php\/wp-json\/wp\/v2\/pages\/17\/revisions\/517"}],"wp:attachment":[{"href":"https:\/\/atlanticmission.fo\/index.php\/wp-json\/wp\/v2\/media?parent=17"}],"curies":[{"name":"wp","href":"https:\/\/api.w.org\/{rel}","templated":true}]}}